{"id":1083,"date":"2020-09-01T13:27:29","date_gmt":"2020-09-01T17:27:29","guid":{"rendered":"https:\/\/stephaneetlyne.com\/?page_id=1083"},"modified":"2020-09-03T16:18:10","modified_gmt":"2020-09-03T20:18:10","slug":"pont-viau","status":"publish","type":"page","link":"https:\/\/stephaneetlyne.com\/en\/decouvrez-laval\/pont-viau\/","title":{"rendered":"(Fran\u00e7ais) Pont-Viau"},"content":{"rendered":"<p class=\"qtranxs-available-languages-message qtranxs-available-languages-message-en\">Sorry, this entry is only available in <a href=\"https:\/\/stephaneetlyne.com\/fr\/wp-json\/wp\/v2\/pages\/1083\" class=\"qtranxs-available-language-link qtranxs-available-language-link-fr\" title=\"Fran\u00e7ais\">Fran\u00e7ais<\/a>.<\/p>","protected":false},"excerpt":{"rendered":"<p>Sorry, this entry is only available in Fran\u00e7ais.<\/p>\n","protected":false},"author":121,"featured_media":0,"parent":1070,"menu_order":3,"comment_status":"closed","ping_status":"closed","template":"t_listings.php","meta":{"_acf_changed":false,"footnotes":""},"class_list":["post-1083","page","type-page","status-publish","hentry"],"acf":[],"yoast_head":"<!-- This site is optimized with the Yoast SEO plugin v26.7 - https:\/\/yoast.com\/wordpress\/plugins\/seo\/ -->\n<title>Propri\u00e9t\u00e9s \u00e0 vendre \u00e0 Pont-Viau par Lyne Savoie et St\u00e9phane Viens<\/title>\n<meta name=\"description\" content=\"\u00cates-vous \u00e0 la recherche d&#039;une propri\u00e9t\u00e9 \u00e0 Pont-Viau? D\u00e9couvrez les propri\u00e9t\u00e9s offertes par Lyne Savoie et St\u00e9phane Viens, courtier immobilier Royal Lepage. Pour information, appelez au : 514-884-8924.\" \/>\n<meta name=\"robots\" content=\"index, follow, max-snippet:-1, max-image-preview:large, max-video-preview:-1\" \/>\n<link rel=\"canonical\" href=\"https:\/\/stephaneetlyne.com\/decouvrez-laval\/pont-viau\/\" \/>\n<meta property=\"og:locale\" content=\"en_US\" \/>\n<meta property=\"og:type\" content=\"article\" \/>\n<meta property=\"og:title\" content=\"Propri\u00e9t\u00e9s \u00e0 vendre \u00e0 Pont-Viau par Lyne Savoie et St\u00e9phane Viens\" \/>\n<meta property=\"og:description\" content=\"\u00cates-vous \u00e0 la recherche d&#039;une propri\u00e9t\u00e9 \u00e0 Pont-Viau? D\u00e9couvrez les propri\u00e9t\u00e9s offertes par Lyne Savoie et St\u00e9phane Viens, courtier immobilier Royal Lepage. Pour information, appelez au : 514-884-8924.\" \/>\n<meta property=\"og:url\" content=\"https:\/\/stephaneetlyne.com\/decouvrez-laval\/pont-viau\/\" \/>\n<meta property=\"og:site_name\" content=\"Lyne Savoie et St\u00e9phane Viens - Royal Lepage\" \/>\n<meta property=\"article:publisher\" content=\"https:\/\/www.facebook.com\/LyneEtStephane\/\" \/>\n<meta property=\"article:modified_time\" content=\"2020-09-03T20:18:10+00:00\" \/>\n<meta property=\"og:image\" content=\"https:\/\/stephaneetlyne.com\/files\/2024\/06\/header_kamelo5.jpg\" \/><meta property=\"og:image\" content=\"https:\/\/stephaneetlyne.com\/files\/2020\/09\/pont-viau.jpg\" \/>\n<meta name=\"twitter:card\" content=\"summary_large_image\" \/>\n<meta name=\"twitter:image\" content=\"https:\/\/stephaneetlyne.com\/files\/2024\/06\/header_kamelo5.jpg\" \/>\n<meta name=\"twitter:label1\" content=\"Est. reading time\" \/>\n\t<meta name=\"twitter:data1\" content=\"1 minute\" \/>\n<script type=\"application\/ld+json\" class=\"yoast-schema-graph\">{\"@context\":\"https:\/\/schema.org\",\"@graph\":[{\"@type\":\"WebPage\",\"@id\":\"https:\/\/stephaneetlyne.com\/decouvrez-laval\/pont-viau\/\",\"url\":\"https:\/\/stephaneetlyne.com\/decouvrez-laval\/pont-viau\/\",\"name\":\"Propri\u00e9t\u00e9s \u00e0 vendre \u00e0 Pont-Viau par Lyne Savoie et St\u00e9phane Viens\",\"isPartOf\":{\"@id\":\"https:\/\/stephaneetlyne.com\/en\/#website\"},\"primaryImageOfPage\":{\"@id\":\"https:\/\/stephaneetlyne.com\/decouvrez-laval\/pont-viau\/#primaryimage\"},\"image\":{\"@id\":\"https:\/\/stephaneetlyne.com\/decouvrez-laval\/pont-viau\/#primaryimage\"},\"thumbnailUrl\":\"https:\/\/stephaneetlyne.com\/files\/2020\/09\/pont-viau.jpg\",\"datePublished\":\"2020-09-01T17:27:29+00:00\",\"dateModified\":\"2020-09-03T20:18:10+00:00\",\"description\":\"\u00cates-vous \u00e0 la recherche d'une propri\u00e9t\u00e9 \u00e0 Pont-Viau? D\u00e9couvrez les propri\u00e9t\u00e9s offertes par Lyne Savoie et St\u00e9phane Viens, courtier immobilier Royal Lepage. Pour information, appelez au : 514-884-8924.\",\"breadcrumb\":{\"@id\":\"https:\/\/stephaneetlyne.com\/decouvrez-laval\/pont-viau\/#breadcrumb\"},\"inLanguage\":\"en-US\",\"potentialAction\":[{\"@type\":\"ReadAction\",\"target\":[\"https:\/\/stephaneetlyne.com\/decouvrez-laval\/pont-viau\/\"]}]},{\"@type\":\"ImageObject\",\"inLanguage\":\"en-US\",\"@id\":\"https:\/\/stephaneetlyne.com\/decouvrez-laval\/pont-viau\/#primaryimage\",\"url\":\"https:\/\/stephaneetlyne.com\/files\/2020\/09\/pont-viau.jpg\",\"contentUrl\":\"https:\/\/stephaneetlyne.com\/files\/2020\/09\/pont-viau.jpg\"},{\"@type\":\"BreadcrumbList\",\"@id\":\"https:\/\/stephaneetlyne.com\/decouvrez-laval\/pont-viau\/#breadcrumb\",\"itemListElement\":[{\"@type\":\"ListItem\",\"position\":1,\"name\":\"Accueil\",\"item\":\"https:\/\/stephaneetlyne.com\/en\/\"},{\"@type\":\"ListItem\",\"position\":2,\"name\":\"(Fran\u00e7ais) D\u00e9couvrez Laval\",\"item\":\"https:\/\/stephaneetlyne.com\/en\/decouvrez-laval\/\"},{\"@type\":\"ListItem\",\"position\":3,\"name\":\"Pont-Viau\"}]},{\"@type\":\"WebSite\",\"@id\":\"https:\/\/stephaneetlyne.com\/en\/#website\",\"url\":\"https:\/\/stephaneetlyne.com\/en\/\",\"name\":\"Lyne Savoie et St\u00e9phane Viens - Royal Lepage\",\"description\":\"Real Estate Broker\",\"potentialAction\":[{\"@type\":\"SearchAction\",\"target\":{\"@type\":\"EntryPoint\",\"urlTemplate\":\"https:\/\/stephaneetlyne.com\/en\/?s={search_term_string}\"},\"query-input\":{\"@type\":\"PropertyValueSpecification\",\"valueRequired\":true,\"valueName\":\"search_term_string\"}}],\"inLanguage\":\"en-US\"}]}<\/script>\n<!-- \/ Yoast SEO plugin. -->","yoast_head_json":{"title":"Propri\u00e9t\u00e9s \u00e0 vendre \u00e0 Pont-Viau par Lyne Savoie et St\u00e9phane Viens","description":"\u00cates-vous \u00e0 la recherche d'une propri\u00e9t\u00e9 \u00e0 Pont-Viau? D\u00e9couvrez les propri\u00e9t\u00e9s offertes par Lyne Savoie et St\u00e9phane Viens, courtier immobilier Royal Lepage. Pour information, appelez au : 514-884-8924.","robots":{"index":"index","follow":"follow","max-snippet":"max-snippet:-1","max-image-preview":"max-image-preview:large","max-video-preview":"max-video-preview:-1"},"canonical":"https:\/\/stephaneetlyne.com\/decouvrez-laval\/pont-viau\/","og_locale":"en_US","og_type":"article","og_title":"Propri\u00e9t\u00e9s \u00e0 vendre \u00e0 Pont-Viau par Lyne Savoie et St\u00e9phane Viens","og_description":"\u00cates-vous \u00e0 la recherche d'une propri\u00e9t\u00e9 \u00e0 Pont-Viau? D\u00e9couvrez les propri\u00e9t\u00e9s offertes par Lyne Savoie et St\u00e9phane Viens, courtier immobilier Royal Lepage. Pour information, appelez au : 514-884-8924.","og_url":"https:\/\/stephaneetlyne.com\/decouvrez-laval\/pont-viau\/","og_site_name":"Lyne Savoie et St\u00e9phane Viens - Royal Lepage","article_publisher":"https:\/\/www.facebook.com\/LyneEtStephane\/","article_modified_time":"2020-09-03T20:18:10+00:00","og_image":[{"url":"https:\/\/stephaneetlyne.com\/files\/2024\/06\/header_kamelo5.jpg","type":"","width":"","height":""},{"url":"https:\/\/stephaneetlyne.com\/files\/2020\/09\/pont-viau.jpg","type":"","width":"","height":""}],"twitter_card":"summary_large_image","twitter_image":"https:\/\/stephaneetlyne.com\/files\/2024\/06\/header_kamelo5.jpg","twitter_misc":{"Est. reading time":"1 minute"},"schema":{"@context":"https:\/\/schema.org","@graph":[{"@type":"WebPage","@id":"https:\/\/stephaneetlyne.com\/decouvrez-laval\/pont-viau\/","url":"https:\/\/stephaneetlyne.com\/decouvrez-laval\/pont-viau\/","name":"Propri\u00e9t\u00e9s \u00e0 vendre \u00e0 Pont-Viau par Lyne Savoie et St\u00e9phane Viens","isPartOf":{"@id":"https:\/\/stephaneetlyne.com\/en\/#website"},"primaryImageOfPage":{"@id":"https:\/\/stephaneetlyne.com\/decouvrez-laval\/pont-viau\/#primaryimage"},"image":{"@id":"https:\/\/stephaneetlyne.com\/decouvrez-laval\/pont-viau\/#primaryimage"},"thumbnailUrl":"https:\/\/stephaneetlyne.com\/files\/2020\/09\/pont-viau.jpg","datePublished":"2020-09-01T17:27:29+00:00","dateModified":"2020-09-03T20:18:10+00:00","description":"\u00cates-vous \u00e0 la recherche d'une propri\u00e9t\u00e9 \u00e0 Pont-Viau? D\u00e9couvrez les propri\u00e9t\u00e9s offertes par Lyne Savoie et St\u00e9phane Viens, courtier immobilier Royal Lepage. Pour information, appelez au : 514-884-8924.","breadcrumb":{"@id":"https:\/\/stephaneetlyne.com\/decouvrez-laval\/pont-viau\/#breadcrumb"},"inLanguage":"en-US","potentialAction":[{"@type":"ReadAction","target":["https:\/\/stephaneetlyne.com\/decouvrez-laval\/pont-viau\/"]}]},{"@type":"ImageObject","inLanguage":"en-US","@id":"https:\/\/stephaneetlyne.com\/decouvrez-laval\/pont-viau\/#primaryimage","url":"https:\/\/stephaneetlyne.com\/files\/2020\/09\/pont-viau.jpg","contentUrl":"https:\/\/stephaneetlyne.com\/files\/2020\/09\/pont-viau.jpg"},{"@type":"BreadcrumbList","@id":"https:\/\/stephaneetlyne.com\/decouvrez-laval\/pont-viau\/#breadcrumb","itemListElement":[{"@type":"ListItem","position":1,"name":"Accueil","item":"https:\/\/stephaneetlyne.com\/en\/"},{"@type":"ListItem","position":2,"name":"(Fran\u00e7ais) D\u00e9couvrez Laval","item":"https:\/\/stephaneetlyne.com\/en\/decouvrez-laval\/"},{"@type":"ListItem","position":3,"name":"Pont-Viau"}]},{"@type":"WebSite","@id":"https:\/\/stephaneetlyne.com\/en\/#website","url":"https:\/\/stephaneetlyne.com\/en\/","name":"Lyne Savoie et St\u00e9phane Viens - Royal Lepage","description":"Real Estate Broker","potentialAction":[{"@type":"SearchAction","target":{"@type":"EntryPoint","urlTemplate":"https:\/\/stephaneetlyne.com\/en\/?s={search_term_string}"},"query-input":{"@type":"PropertyValueSpecification","valueRequired":true,"valueName":"search_term_string"}}],"inLanguage":"en-US"}]}},"_links":{"self":[{"href":"https:\/\/stephaneetlyne.com\/en\/wp-json\/wp\/v2\/pages\/1083","targetHints":{"allow":["GET"]}}],"collection":[{"href":"https:\/\/stephaneetlyne.com\/en\/wp-json\/wp\/v2\/pages"}],"about":[{"href":"https:\/\/stephaneetlyne.com\/en\/wp-json\/wp\/v2\/types\/page"}],"author":[{"embeddable":true,"href":"https:\/\/stephaneetlyne.com\/en\/wp-json\/wp\/v2\/users\/121"}],"replies":[{"embeddable":true,"href":"https:\/\/stephaneetlyne.com\/en\/wp-json\/wp\/v2\/comments?post=1083"}],"version-history":[{"count":2,"href":"https:\/\/stephaneetlyne.com\/en\/wp-json\/wp\/v2\/pages\/1083\/revisions"}],"predecessor-version":[{"id":1133,"href":"https:\/\/stephaneetlyne.com\/en\/wp-json\/wp\/v2\/pages\/1083\/revisions\/1133"}],"up":[{"embeddable":true,"href":"https:\/\/stephaneetlyne.com\/en\/wp-json\/wp\/v2\/pages\/1070"}],"wp:attachment":[{"href":"https:\/\/stephaneetlyne.com\/en\/wp-json\/wp\/v2\/media?parent=1083"}],"curies":[{"name":"wp","href":"https:\/\/api.w.org\/{rel}","templated":true}]}}