{"id":974,"date":"2020-09-01T11:39:51","date_gmt":"2020-09-01T15:39:51","guid":{"rendered":"https:\/\/stephaneetlyne.com\/?page_id=974"},"modified":"2020-09-03T15:48:13","modified_gmt":"2020-09-03T19:48:13","slug":"chomedey","status":"publish","type":"page","link":"https:\/\/stephaneetlyne.com\/en\/decouvrez-laval\/chomedey\/","title":{"rendered":"(Fran\u00e7ais) Chomedey"},"content":{"rendered":"<p class=\"qtranxs-available-languages-message qtranxs-available-languages-message-en\">Sorry, this entry is only available in <a href=\"https:\/\/stephaneetlyne.com\/fr\/wp-json\/wp\/v2\/pages\/974\" class=\"qtranxs-available-language-link qtranxs-available-language-link-fr\" title=\"Fran\u00e7ais\">Fran\u00e7ais<\/a>.<\/p>","protected":false},"excerpt":{"rendered":"<p>Sorry, this entry is only available in Fran\u00e7ais.<\/p>\n","protected":false},"author":121,"featured_media":0,"parent":1070,"menu_order":0,"comment_status":"closed","ping_status":"closed","template":"t_listings.php","meta":{"_acf_changed":false,"footnotes":""},"class_list":["post-974","page","type-page","status-publish","hentry"],"acf":[],"yoast_head":"<!-- This site is optimized with the Yoast SEO plugin v26.7 - https:\/\/yoast.com\/wordpress\/plugins\/seo\/ -->\n<title>Propri\u00e9t\u00e9s \u00e0 vendre \u00e0 Chomedey par Lyne Savoie et St\u00e9phane Viens<\/title>\n<meta name=\"description\" content=\"Are you looking for a porperty for sale in Chomedey? Discover the properties offered by Lyne Savoie et St\u00e9phane Viens, Royal Lepage real estate broker. For information, call : 514-884-8924.\" \/>\n<meta name=\"robots\" content=\"index, follow, max-snippet:-1, max-image-preview:large, max-video-preview:-1\" \/>\n<link rel=\"canonical\" href=\"https:\/\/stephaneetlyne.com\/en\/decouvrez-laval\/chomedey\/\" \/>\n<meta property=\"og:locale\" content=\"en_US\" \/>\n<meta property=\"og:type\" content=\"article\" \/>\n<meta property=\"og:title\" content=\"Propri\u00e9t\u00e9s \u00e0 vendre \u00e0 Chomedey par Lyne Savoie et St\u00e9phane Viens\" \/>\n<meta property=\"og:description\" content=\"Are you looking for a porperty for sale in Chomedey? Discover the properties offered by Lyne Savoie et St\u00e9phane Viens, Royal Lepage real estate broker. For information, call : 514-884-8924.\" \/>\n<meta property=\"og:url\" content=\"https:\/\/stephaneetlyne.com\/en\/decouvrez-laval\/chomedey\/\" \/>\n<meta property=\"og:site_name\" content=\"Lyne Savoie et St\u00e9phane Viens - Royal Lepage\" \/>\n<meta property=\"article:publisher\" content=\"https:\/\/www.facebook.com\/LyneEtStephane\/\" \/>\n<meta property=\"article:modified_time\" content=\"2020-09-03T19:48:13+00:00\" \/>\n<meta property=\"og:image\" content=\"https:\/\/stephaneetlyne.com\/files\/2024\/06\/header_kamelo5.jpg\" \/><meta property=\"og:image\" content=\"https:\/\/stephaneetlyne.com\/files\/2020\/09\/chomedey.jpg\" \/>\n<meta name=\"twitter:card\" content=\"summary_large_image\" \/>\n<meta name=\"twitter:image\" content=\"https:\/\/stephaneetlyne.com\/files\/2024\/06\/header_kamelo5.jpg\" \/>\n<meta name=\"twitter:label1\" content=\"Est. reading time\" \/>\n\t<meta name=\"twitter:data1\" content=\"1 minute\" \/>\n<script type=\"application\/ld+json\" class=\"yoast-schema-graph\">{\"@context\":\"https:\/\/schema.org\",\"@graph\":[{\"@type\":\"WebPage\",\"@id\":\"https:\/\/stephaneetlyne.com\/en\/decouvrez-laval\/chomedey\/\",\"url\":\"https:\/\/stephaneetlyne.com\/en\/decouvrez-laval\/chomedey\/\",\"name\":\"Propri\u00e9t\u00e9s \u00e0 vendre \u00e0 Chomedey par Lyne Savoie et St\u00e9phane Viens\",\"isPartOf\":{\"@id\":\"https:\/\/stephaneetlyne.com\/en\/#website\"},\"primaryImageOfPage\":{\"@id\":\"https:\/\/stephaneetlyne.com\/en\/decouvrez-laval\/chomedey\/#primaryimage\"},\"image\":{\"@id\":\"https:\/\/stephaneetlyne.com\/en\/decouvrez-laval\/chomedey\/#primaryimage\"},\"thumbnailUrl\":\"https:\/\/stephaneetlyne.com\/files\/2020\/09\/chomedey.jpg\",\"datePublished\":\"2020-09-01T15:39:51+00:00\",\"dateModified\":\"2020-09-03T19:48:13+00:00\",\"description\":\"Are you looking for a porperty for sale in Chomedey? Discover the properties offered by Lyne Savoie et St\u00e9phane Viens, Royal Lepage real estate broker. For information, call : 514-884-8924.\",\"breadcrumb\":{\"@id\":\"https:\/\/stephaneetlyne.com\/en\/decouvrez-laval\/chomedey\/#breadcrumb\"},\"inLanguage\":\"en-US\",\"potentialAction\":[{\"@type\":\"ReadAction\",\"target\":[\"https:\/\/stephaneetlyne.com\/en\/decouvrez-laval\/chomedey\/\"]}]},{\"@type\":\"ImageObject\",\"inLanguage\":\"en-US\",\"@id\":\"https:\/\/stephaneetlyne.com\/en\/decouvrez-laval\/chomedey\/#primaryimage\",\"url\":\"https:\/\/stephaneetlyne.com\/files\/2020\/09\/chomedey.jpg\",\"contentUrl\":\"https:\/\/stephaneetlyne.com\/files\/2020\/09\/chomedey.jpg\"},{\"@type\":\"BreadcrumbList\",\"@id\":\"https:\/\/stephaneetlyne.com\/en\/decouvrez-laval\/chomedey\/#breadcrumb\",\"itemListElement\":[{\"@type\":\"ListItem\",\"position\":1,\"name\":\"Accueil\",\"item\":\"https:\/\/stephaneetlyne.com\/en\/\"},{\"@type\":\"ListItem\",\"position\":2,\"name\":\"(Fran\u00e7ais) D\u00e9couvrez Laval\",\"item\":\"https:\/\/stephaneetlyne.com\/en\/decouvrez-laval\/\"},{\"@type\":\"ListItem\",\"position\":3,\"name\":\"(Fran\u00e7ais) Chomedey\"}]},{\"@type\":\"WebSite\",\"@id\":\"https:\/\/stephaneetlyne.com\/en\/#website\",\"url\":\"https:\/\/stephaneetlyne.com\/en\/\",\"name\":\"Lyne Savoie et St\u00e9phane Viens - Royal Lepage\",\"description\":\"Real Estate Broker\",\"potentialAction\":[{\"@type\":\"SearchAction\",\"target\":{\"@type\":\"EntryPoint\",\"urlTemplate\":\"https:\/\/stephaneetlyne.com\/en\/?s={search_term_string}\"},\"query-input\":{\"@type\":\"PropertyValueSpecification\",\"valueRequired\":true,\"valueName\":\"search_term_string\"}}],\"inLanguage\":\"en-US\"}]}<\/script>\n<!-- \/ Yoast SEO plugin. -->","yoast_head_json":{"title":"Propri\u00e9t\u00e9s \u00e0 vendre \u00e0 Chomedey par Lyne Savoie et St\u00e9phane Viens","description":"Are you looking for a porperty for sale in Chomedey? Discover the properties offered by Lyne Savoie et St\u00e9phane Viens, Royal Lepage real estate broker. For information, call : 514-884-8924.","robots":{"index":"index","follow":"follow","max-snippet":"max-snippet:-1","max-image-preview":"max-image-preview:large","max-video-preview":"max-video-preview:-1"},"canonical":"https:\/\/stephaneetlyne.com\/en\/decouvrez-laval\/chomedey\/","og_locale":"en_US","og_type":"article","og_title":"Propri\u00e9t\u00e9s \u00e0 vendre \u00e0 Chomedey par Lyne Savoie et St\u00e9phane Viens","og_description":"Are you looking for a porperty for sale in Chomedey? Discover the properties offered by Lyne Savoie et St\u00e9phane Viens, Royal Lepage real estate broker. For information, call : 514-884-8924.","og_url":"https:\/\/stephaneetlyne.com\/en\/decouvrez-laval\/chomedey\/","og_site_name":"Lyne Savoie et St\u00e9phane Viens - Royal Lepage","article_publisher":"https:\/\/www.facebook.com\/LyneEtStephane\/","article_modified_time":"2020-09-03T19:48:13+00:00","og_image":[{"url":"https:\/\/stephaneetlyne.com\/files\/2024\/06\/header_kamelo5.jpg","type":"","width":"","height":""},{"url":"https:\/\/stephaneetlyne.com\/files\/2020\/09\/chomedey.jpg","type":"","width":"","height":""}],"twitter_card":"summary_large_image","twitter_image":"https:\/\/stephaneetlyne.com\/files\/2024\/06\/header_kamelo5.jpg","twitter_misc":{"Est. reading time":"1 minute"},"schema":{"@context":"https:\/\/schema.org","@graph":[{"@type":"WebPage","@id":"https:\/\/stephaneetlyne.com\/en\/decouvrez-laval\/chomedey\/","url":"https:\/\/stephaneetlyne.com\/en\/decouvrez-laval\/chomedey\/","name":"Propri\u00e9t\u00e9s \u00e0 vendre \u00e0 Chomedey par Lyne Savoie et St\u00e9phane Viens","isPartOf":{"@id":"https:\/\/stephaneetlyne.com\/en\/#website"},"primaryImageOfPage":{"@id":"https:\/\/stephaneetlyne.com\/en\/decouvrez-laval\/chomedey\/#primaryimage"},"image":{"@id":"https:\/\/stephaneetlyne.com\/en\/decouvrez-laval\/chomedey\/#primaryimage"},"thumbnailUrl":"https:\/\/stephaneetlyne.com\/files\/2020\/09\/chomedey.jpg","datePublished":"2020-09-01T15:39:51+00:00","dateModified":"2020-09-03T19:48:13+00:00","description":"Are you looking for a porperty for sale in Chomedey? Discover the properties offered by Lyne Savoie et St\u00e9phane Viens, Royal Lepage real estate broker. For information, call : 514-884-8924.","breadcrumb":{"@id":"https:\/\/stephaneetlyne.com\/en\/decouvrez-laval\/chomedey\/#breadcrumb"},"inLanguage":"en-US","potentialAction":[{"@type":"ReadAction","target":["https:\/\/stephaneetlyne.com\/en\/decouvrez-laval\/chomedey\/"]}]},{"@type":"ImageObject","inLanguage":"en-US","@id":"https:\/\/stephaneetlyne.com\/en\/decouvrez-laval\/chomedey\/#primaryimage","url":"https:\/\/stephaneetlyne.com\/files\/2020\/09\/chomedey.jpg","contentUrl":"https:\/\/stephaneetlyne.com\/files\/2020\/09\/chomedey.jpg"},{"@type":"BreadcrumbList","@id":"https:\/\/stephaneetlyne.com\/en\/decouvrez-laval\/chomedey\/#breadcrumb","itemListElement":[{"@type":"ListItem","position":1,"name":"Accueil","item":"https:\/\/stephaneetlyne.com\/en\/"},{"@type":"ListItem","position":2,"name":"(Fran\u00e7ais) D\u00e9couvrez Laval","item":"https:\/\/stephaneetlyne.com\/en\/decouvrez-laval\/"},{"@type":"ListItem","position":3,"name":"(Fran\u00e7ais) Chomedey"}]},{"@type":"WebSite","@id":"https:\/\/stephaneetlyne.com\/en\/#website","url":"https:\/\/stephaneetlyne.com\/en\/","name":"Lyne Savoie et St\u00e9phane Viens - Royal Lepage","description":"Real Estate Broker","potentialAction":[{"@type":"SearchAction","target":{"@type":"EntryPoint","urlTemplate":"https:\/\/stephaneetlyne.com\/en\/?s={search_term_string}"},"query-input":{"@type":"PropertyValueSpecification","valueRequired":true,"valueName":"search_term_string"}}],"inLanguage":"en-US"}]}},"_links":{"self":[{"href":"https:\/\/stephaneetlyne.com\/en\/wp-json\/wp\/v2\/pages\/974","targetHints":{"allow":["GET"]}}],"collection":[{"href":"https:\/\/stephaneetlyne.com\/en\/wp-json\/wp\/v2\/pages"}],"about":[{"href":"https:\/\/stephaneetlyne.com\/en\/wp-json\/wp\/v2\/types\/page"}],"author":[{"embeddable":true,"href":"https:\/\/stephaneetlyne.com\/en\/wp-json\/wp\/v2\/users\/121"}],"replies":[{"embeddable":true,"href":"https:\/\/stephaneetlyne.com\/en\/wp-json\/wp\/v2\/comments?post=974"}],"version-history":[{"count":2,"href":"https:\/\/stephaneetlyne.com\/en\/wp-json\/wp\/v2\/pages\/974\/revisions"}],"predecessor-version":[{"id":1130,"href":"https:\/\/stephaneetlyne.com\/en\/wp-json\/wp\/v2\/pages\/974\/revisions\/1130"}],"up":[{"embeddable":true,"href":"https:\/\/stephaneetlyne.com\/en\/wp-json\/wp\/v2\/pages\/1070"}],"wp:attachment":[{"href":"https:\/\/stephaneetlyne.com\/en\/wp-json\/wp\/v2\/media?parent=974"}],"curies":[{"name":"wp","href":"https:\/\/api.w.org\/{rel}","templated":true}]}}